{"id":705,"date":"2012-09-27T09:59:47","date_gmt":"2012-09-27T09:59:47","guid":{"rendered":"http:\/\/tejo-rupestre.com\/?page_id=705"},"modified":"2012-10-04T14:52:44","modified_gmt":"2012-10-04T14:52:44","slug":"nucleo-de-sao-simao","status":"publish","type":"page","link":"http:\/\/tejo-rupestre.com\/?page_id=705","title":{"rendered":"N\u00facleo de S\u00e3o Sim\u00e3o"},"content":{"rendered":"<h2><\/h2>\n<p>O sector mais a montante, ocupando as muitas centenas de metros da margem esquerda do Tejo, sensivelmente entre a barragem de Cedillo e a foz do Ribeir\u00e3o. Por estar no limite da influ\u00eancia da barragem de Fratel, muitas das suas rochas decoradas podem ainda ser visitadas. Aqui foram identificadas mais de tr\u00eas centenas de rochas gravadas, onde merece destaque a cena da rocha 241, em que um humano ergue um veado morto, um tema \u00fanico na arte do Tejo e uma das mais belas composi\u00e7\u00f5es da arte rupestre pr\u00e9-hist\u00f3rica em territ\u00f3rio portugu\u00eas.<\/p>\n<p>&nbsp;<\/p>\n\n\t\t<div class='et-image-slider et_sliderfx_fade et_sliderauto_true et_sliderauto_speed_5000 et_slidertype_images'>\n\t\t\t<div class='et-image-slides'>\n\t\t\t\t<div class='et-tabs-content-wrapper'>\n\t\t\t\t\t<div class='et_slidecontent et-image-slide'><img loading=\"lazy\" decoding=\"async\" src=\"http:\/\/tejo-rupestre.com\/wp-content\/uploads\/et_temp\/1_sao-simao-site-181640_800x510.jpg\" alt=\"\" width=\"800\" height=\"510\" \/><span class='et-image-overlay'> <\/span><\/div>\u00a0\n\t\t<div class='et_slidecontent et-image-slide'><img loading=\"lazy\" decoding=\"async\" src=\"http:\/\/tejo-rupestre.com\/wp-content\/uploads\/et_temp\/2_sao-simao-site-188917_800x510.jpg\" alt=\"\" width=\"800\" height=\"510\" \/><span class='et-image-overlay'> <\/span><\/div>\n\t\t<div class='et_slidecontent et-image-slide'><img loading=\"lazy\" decoding=\"async\" src=\"http:\/\/tejo-rupestre.com\/wp-content\/uploads\/et_temp\/3_sao-simao-site-149154_800x510.jpg\" alt=\"\" width=\"800\" height=\"510\" \/><span class='et-image-overlay'> <\/span><\/div>\n\t\t<div class='et_slidecontent et-image-slide'><img loading=\"lazy\" decoding=\"async\" src=\"http:\/\/tejo-rupestre.com\/wp-content\/uploads\/et_temp\/4_sao-simao-site-203146_800x510.jpg\" alt=\"\" width=\"800\" height=\"510\" \/><span class='et-image-overlay'> <\/span><\/div>\n\t\t<div class='et_slidecontent et-image-slide'><img loading=\"lazy\" decoding=\"async\" src=\"http:\/\/tejo-rupestre.com\/wp-content\/uploads\/et_temp\/5_sao-simao-site-219207_800x510.jpg\" alt=\"\" width=\"800\" height=\"510\" \/><span class='et-image-overlay'> <\/span><\/div>\n\t\t<div class='et_slidecontent et-image-slide'><img loading=\"lazy\" decoding=\"async\" src=\"http:\/\/tejo-rupestre.com\/wp-content\/uploads\/et_temp\/6_sao-simao-site-209395_800x510.jpg\" alt=\"\" width=\"800\" height=\"510\" \/><span class='et-image-overlay'> <\/span><\/div>\n\t\t<div class='et_slidecontent et-image-slide'><img loading=\"lazy\" decoding=\"async\" src=\"http:\/\/tejo-rupestre.com\/wp-content\/uploads\/et_temp\/7_sao-simao-site-219660_800x510.jpg\" alt=\"\" width=\"800\" height=\"510\" \/><span class='et-image-overlay'> <\/span><\/div>\n\t\t<div class='et_slidecontent et-image-slide'><img loading=\"lazy\" decoding=\"async\" src=\"http:\/\/tejo-rupestre.com\/wp-content\/uploads\/et_temp\/8_sao-simao-site-322790_800x510.jpg\" alt=\"\" width=\"800\" height=\"510\" \/><span class='et-image-overlay'> <\/span><\/div>\n\t\t<div class='et_slidecontent et-image-slide'><img loading=\"lazy\" decoding=\"async\" src=\"http:\/\/tejo-rupestre.com\/wp-content\/uploads\/et_temp\/9_sao-simao-site-294400_800x510.jpg\" alt=\"\" width=\"800\" height=\"510\" \/><span class='et-image-overlay'> <\/span><\/div>\n\t\t\t\t<\/div>\n\t\t\t<\/div>\n\t\t<\/div>\n\t\t\n<p>&nbsp;<\/p>\n","protected":false},"excerpt":{"rendered":"<p>O sector mais a montante, ocupando as muitas centenas de metros da margem esquerda do Tejo, sensivelmente entre a barragem de Cedillo e a foz do Ribeir\u00e3o. Por estar no limite da influ\u00eancia da barragem de Fratel, muitas das suas rochas decoradas podem ainda ser visitadas. Aqui foram identificadas mais de tr\u00eas centenas de rochas [&hellip;]<\/p>\n","protected":false},"author":3,"featured_media":0,"parent":27,"menu_order":0,"comment_status":"closed","ping_status":"open","template":"page-full.php","meta":{"_et_pb_use_builder":"","_et_pb_old_content":"","_et_gb_content_width":"","footnotes":""},"class_list":["post-705","page","type-page","status-publish","hentry"],"_links":{"self":[{"href":"http:\/\/tejo-rupestre.com\/index.php?rest_route=\/wp\/v2\/pages\/705","targetHints":{"allow":["GET"]}}],"collection":[{"href":"http:\/\/tejo-rupestre.com\/index.php?rest_route=\/wp\/v2\/pages"}],"about":[{"href":"http:\/\/tejo-rupestre.com\/index.php?rest_route=\/wp\/v2\/types\/page"}],"author":[{"embeddable":true,"href":"http:\/\/tejo-rupestre.com\/index.php?rest_route=\/wp\/v2\/users\/3"}],"replies":[{"embeddable":true,"href":"http:\/\/tejo-rupestre.com\/index.php?rest_route=%2Fwp%2Fv2%2Fcomments&post=705"}],"version-history":[{"count":5,"href":"http:\/\/tejo-rupestre.com\/index.php?rest_route=\/wp\/v2\/pages\/705\/revisions"}],"predecessor-version":[{"id":796,"href":"http:\/\/tejo-rupestre.com\/index.php?rest_route=\/wp\/v2\/pages\/705\/revisions\/796"}],"up":[{"embeddable":true,"href":"http:\/\/tejo-rupestre.com\/index.php?rest_route=\/wp\/v2\/pages\/27"}],"wp:attachment":[{"href":"http:\/\/tejo-rupestre.com\/index.php?rest_route=%2Fwp%2Fv2%2Fmedia&parent=705"}],"curies":[{"name":"wp","href":"https:\/\/api.w.org\/{rel}","templated":true}]}}